{"id":1185,"date":"2023-08-17T15:04:15","date_gmt":"2023-08-17T13:04:15","guid":{"rendered":"https:\/\/vignoblescoutant.fr\/?page_id=1185"},"modified":"2023-08-17T17:32:01","modified_gmt":"2023-08-17T15:32:01","slug":"chateau-guinot","status":"publish","type":"page","link":"https:\/\/vignoblescoutant.fr\/en\/chateau-guinot\/","title":{"rendered":"Ch\u00e2teau Guinot"},"content":{"rendered":"<div data-elementor-type=\"wp-page\" data-elementor-id=\"1185\" class=\"elementor elementor-1185\" data-elementor-settings=\"[]\">\n\t\t\t\t\t\t<div class=\"elementor-inner\">\n\t\t\t\t\t\t\t<div class=\"elementor-section-wrap\">\n\t\t\t\t\t\t\t<section class=\"elementor-section elementor-top-section elementor-element elementor-element-67d5f4d elementor-section-boxed elementor-section-height-default elementor-section-height-default\" data-id=\"67d5f4d\" data-element_type=\"section\">\n\t\t\t\t\t\t<div class=\"elementor-container elementor-column-gap-no\">\n\t\t\t\t\t\t\t<div class=\"elementor-row\">\n\t\t\t\t\t<div class=\"elementor-column elementor-col-100 elementor-top-column elementor-element elementor-element-242c1e8e animated-fast elementor-invisible\" data-id=\"242c1e8e\" data-element_type=\"column\" data-settings=\"{&quot;animation&quot;:&quot;fadeIn&quot;}\">\n\t\t\t<div class=\"elementor-column-wrap elementor-element-populated\">\n\t\t\t\t\t\t\t<div class=\"elementor-widget-wrap\">\n\t\t\t\t\t\t<div class=\"elementor-element elementor-element-4dcede10 elementor-widget-divider--view-line elementor-widget elementor-widget-divider\" data-id=\"4dcede10\" data-element_type=\"widget\" data-widget_type=\"divider.default\">\n\t\t\t\t<div class=\"elementor-widget-container\">\n\t\t\t\t\t<div class=\"elementor-divider\">\n\t\t\t<span class=\"elementor-divider-separator\">\n\t\t\t\t\t\t<\/span>\n\t\t<\/div>\n\t\t\t\t<\/div>\n\t\t\t\t<\/div>\n\t\t\t\t<section class=\"elementor-section elementor-inner-section elementor-element elementor-element-680010d9 elementor-section-content-middle elementor-section-full_width elementor-section-height-min-height elementor-section-height-default\" data-id=\"680010d9\" data-element_type=\"section\" data-settings=\"{&quot;background_background&quot;:&quot;classic&quot;}\">\n\t\t\t\t\t\t<div class=\"elementor-container elementor-column-gap-no\">\n\t\t\t\t\t\t\t<div class=\"elementor-row\">\n\t\t\t\t\t<div class=\"elementor-column elementor-col-50 elementor-inner-column elementor-element elementor-element-27a9bc83 elementor-invisible\" data-id=\"27a9bc83\" data-element_type=\"column\" data-settings=\"{&quot;background_background&quot;:&quot;classic&quot;,&quot;animation&quot;:&quot;fadeIn&quot;}\">\n\t\t\t<div class=\"elementor-column-wrap elementor-element-populated\">\n\t\t\t\t\t\t\t<div class=\"elementor-widget-wrap\">\n\t\t\t\t\t\t<div class=\"elementor-element elementor-element-903f2e2 elementor-widget elementor-widget-heading\" data-id=\"903f2e2\" data-element_type=\"widget\" data-widget_type=\"heading.default\">\n\t\t\t\t<div class=\"elementor-widget-container\">\n\t\t\t<h3 class=\"elementor-heading-title elementor-size-large\">CH\u00c2TEAU GUINOT<\/h3>\t\t<\/div>\n\t\t\t\t<\/div>\n\t\t\t\t<div class=\"elementor-element elementor-element-fd3e66a elementor-widget elementor-widget-text-editor\" data-id=\"fd3e66a\" data-element_type=\"widget\" data-widget_type=\"text-editor.default\">\n\t\t\t\t<div class=\"elementor-widget-container\">\n\t\t\t\t\t<div class=\"elementor-text-editor elementor-clearfix\"><p style=\"text-align: left;\"><span style=\"color: #675926;\"><i>AOP Saint-Emil ion Grand Cru<\/i><\/span><\/p><\/div>\n\t\t\t\t<\/div>\n\t\t\t\t<\/div>\n\t\t\t\t<div class=\"elementor-element elementor-element-2859f822 elementor-drop-cap-yes elementor-drop-cap-view-default elementor-widget elementor-widget-text-editor\" data-id=\"2859f822\" data-element_type=\"widget\" data-settings=\"{&quot;drop_cap&quot;:&quot;yes&quot;}\" data-widget_type=\"text-editor.default\">\n\t\t\t\t<div class=\"elementor-widget-container\">\n\t\t\t\t\t<div class=\"elementor-text-editor elementor-clearfix\"><p style=\"text-align: justify;\"><font color=\"#000000\">Le Chateau Guinot est exploit\u00e9 par Agn\u00e9s Coutant et son fils Paul. Depuis&nbsp;<\/font><span style=\"color: rgb(0, 0, 0);\">2020.&nbsp; Les raisins, tri\u00e9s minutieusement, se transforment en un vin raffin\u00e9 au cours de 3 semaines de fermentation et 12 mois d&rsquo;\u00e9levage en f\u00fbts de ch\u00eane \u00e9quilibr\u00e9s.<\/span><\/p><p style=\"text-align: justify;\"><span style=\"color: rgb(0, 0, 0);\">&nbsp;Certifi\u00e9 Haute Valeur Environnementale 3, le vignoble est en Conversion Bio depuis 2021.<\/span><\/p><p style=\"text-align: justify;\"><font color=\"#000000\">En bouche, des tannins soyeux escortent une trame m\u00fbre et suave, cr\u00e9ant une exp\u00e9rience sensorielle envo\u00fbtante.<\/font><\/p><p style=\"text-align: justify;\"><font color=\"#000000\">Ce vin, id\u00e9al pour les viandes grill\u00e9es et les plats en sauces, se distingue par son raffinement, se mariant parfaitement avec des tables \u00e9l\u00e9gantes. De plus, son potentiel de vieillissement d&rsquo;une d\u00e9cennie en fait un choix judicieux pour les connaisseurs.<\/font><\/p><div style=\"text-align: justify;\"><br><\/div>\n<p style=\"text-align: justify;\">\n<\/p><\/div>\n\t\t\t\t<\/div>\n\t\t\t\t<\/div>\n\t\t\t\t<div class=\"elementor-element elementor-element-2b7334bb elementor-widget elementor-widget-text-editor\" data-id=\"2b7334bb\" data-element_type=\"widget\" data-widget_type=\"text-editor.default\">\n\t\t\t\t<div class=\"elementor-widget-container\">\n\t\t\t\t\t<div class=\"elementor-text-editor elementor-clearfix\"><p><a href=\"https:\/\/vignoblescoutant.fr\/wp-content\/uploads\/2023\/06\/Guinot2020.pdf\" target=\"_blank\" rel=\"noopener\"><span style=\"color: #675926;\">TECHNICAL DATA SHEET<\/span><\/a><em><span style=\"color: #675926;\"><br \/><\/span><\/em><\/p><\/div>\n\t\t\t\t<\/div>\n\t\t\t\t<\/div>\n\t\t\t\t\t\t<\/div>\n\t\t\t\t\t<\/div>\n\t\t<\/div>\n\t\t\t\t<div class=\"elementor-column elementor-col-50 elementor-inner-column elementor-element elementor-element-aa7d9a6 elementor-hidden-phone elementor-invisible\" data-id=\"aa7d9a6\" data-element_type=\"column\" data-settings=\"{&quot;background_background&quot;:&quot;classic&quot;,&quot;animation&quot;:&quot;fadeIn&quot;}\">\n\t\t\t<div class=\"elementor-column-wrap elementor-element-populated\">\n\t\t\t\t\t\t\t<div class=\"elementor-widget-wrap\">\n\t\t\t\t\t\t\t\t<\/div>\n\t\t\t\t\t<\/div>\n\t\t<\/div>\n\t\t\t\t\t\t\t\t<\/div>\n\t\t\t\t\t<\/div>\n\t\t<\/section>\n\t\t\t\t<div class=\"elementor-element elementor-element-14e5b746 elementor-widget-divider--view-line elementor-widget elementor-widget-divider\" data-id=\"14e5b746\" data-element_type=\"widget\" data-widget_type=\"divider.default\">\n\t\t\t\t<div class=\"elementor-widget-container\">\n\t\t\t\t\t<div class=\"elementor-divider\">\n\t\t\t<span class=\"elementor-divider-separator\">\n\t\t\t\t\t\t<\/span>\n\t\t<\/div>\n\t\t\t\t<\/div>\n\t\t\t\t<\/div>\n\t\t\t\t\t\t<\/div>\n\t\t\t\t\t<\/div>\n\t\t<\/div>\n\t\t\t\t\t\t\t\t<\/div>\n\t\t\t\t\t<\/div>\n\t\t<\/section>\n\t\t\t\t\t\t<\/div>\n\t\t\t\t\t\t<\/div>\n\t\t\t\t\t<\/div>","protected":false},"excerpt":{"rendered":"<p>CH\u00c2TEAU GUINOT AOP Saint-Emil ion Grand Cru Le Chateau Guinot est exploit\u00e9 par Agn\u00e9s Coutant et son fils Paul. Depuis&nbsp;2020.&nbsp; Les raisins, tri\u00e9s minutieusement, se transforment en un vin raffin\u00e9 au cours de 3 semaines de fermentation et 12 mois &hellip; <a href=\"https:\/\/vignoblescoutant.fr\/en\/chateau-guinot\/\">Read More<\/a><\/p>","protected":false},"author":1,"featured_media":0,"parent":0,"menu_order":0,"comment_status":"closed","ping_status":"closed","template":"","meta":{"kt_blocks_editor_width":""},"_links":{"self":[{"href":"https:\/\/vignoblescoutant.fr\/en\/wp-json\/wp\/v2\/pages\/1185"}],"collection":[{"href":"https:\/\/vignoblescoutant.fr\/en\/wp-json\/wp\/v2\/pages"}],"about":[{"href":"https:\/\/vignoblescoutant.fr\/en\/wp-json\/wp\/v2\/types\/page"}],"author":[{"embeddable":true,"href":"https:\/\/vignoblescoutant.fr\/en\/wp-json\/wp\/v2\/users\/1"}],"replies":[{"embeddable":true,"href":"https:\/\/vignoblescoutant.fr\/en\/wp-json\/wp\/v2\/comments?post=1185"}],"version-history":[{"count":18,"href":"https:\/\/vignoblescoutant.fr\/en\/wp-json\/wp\/v2\/pages\/1185\/revisions"}],"predecessor-version":[{"id":1226,"href":"https:\/\/vignoblescoutant.fr\/en\/wp-json\/wp\/v2\/pages\/1185\/revisions\/1226"}],"wp:attachment":[{"href":"https:\/\/vignoblescoutant.fr\/en\/wp-json\/wp\/v2\/media?parent=1185"}],"curies":[{"name":"wp","href":"https:\/\/api.w.org\/{rel}","templated":true}]}}